{"id":85955,"date":"2014-02-07T13:26:00","date_gmt":"2014-02-07T11:26:00","guid":{"rendered":"http:\/\/bauerfeind.com.gr\/?post_type=product&#038;p=85955"},"modified":"2025-01-23T16:52:33","modified_gmt":"2025-01-23T14:52:33","slug":"lumbalorthese-spinova-immo-bauerfeind","status":"publish","type":"product","link":"http:\/\/bauerfeind.com.gr\/de\/product\/lumbalorthese-spinova-immo-bauerfeind\/","title":{"rendered":"Lumbalorthese Spinova Immo Bauerfeind"},"content":{"rendered":"<p>Lendenwirbelorthese Spinova Immo von Bauerfeind. Diese Orthese kann immer dann eingesetzt werden, wenn die Bewegung der Lendenwirbels\u00e4ule eingeschr\u00e4nkt werden muss oder die Lendenwirbels\u00e4ule entlastet und gest\u00fctzt werden soll. Die anatomisch geformte Kunststoffschale ist ein wichtiges Funktionselement der Spinova Immo. Sie stabilisiert die Lendenwirbels\u00e4ule und verhindert sch\u00e4dliche Bewegungen und Belastungen. Dies ist besonders nach Operationen wichtig, um das Operationsergebnis zu stabilisieren und sicherzustellen, dass die Lendenwirbels\u00e4ule in der optimalen Position heilt.<\/p>\n<h3>Indikationen:<\/h3>\n<ul>\n<li>Konservative Behandlung einfacher, stabiler Wirbelk\u00f6rperfrakturen<\/li>\n<li>Vor und nach Wirbels\u00e4ulenoperationen<\/li>\n<li>Posttraumatische Ruhigstellung<\/li>\n<li>Entz\u00fcndliche Erkrankungen<\/li>\n<\/ul>\n<h3>Merkmale:<\/h3>\n<ul>\n<li>Farbe: Grau<\/li>\n<li>Gr\u00f6\u00dfe: 1 (70\u201380 cm), 2 (80\u201390 cm), 3 (90\u2013105 cm), 4 (105\u2013115 cm), 5 (115\u2013140 cm). Taillenumfang in cm.<\/li>\n<\/ul>\n","protected":false},"excerpt":{"rendered":"<p>Lendenwirbelorthese Spinova Immo von Bauerfeind. Diese Orthese kann immer dann eingesetzt werden, wenn die Bewegung der Lendenwirbels\u00e4ule eingeschr\u00e4nkt werden muss oder die Lendenwirbels\u00e4ule entlastet und gest\u00fctzt werden soll. Die anatomisch geformte Kunststoffschale ist ein wichtiges Funktionselement der Spinova Immo. Sie stabilisiert die Lendenwirbels\u00e4ule und verhindert sch\u00e4dliche Bewegungen und Belastungen. Dies ist besonders nach Operationen wichtig, [&hellip;]<\/p>\n","protected":false},"featured_media":85956,"template":"","meta":{"_acf_changed":false},"product_brand":[],"product_cat":[5123,5117],"product_tag":[],"class_list":{"0":"post-85955","1":"product","2":"type-product","3":"status-publish","4":"has-post-thumbnail","6":"product_cat-brust-lenden-und-brustwachter","7":"product_cat-hilfsmittel-unterstutzung","9":"first","10":"onbackorder","11":"shipping-taxable","12":"purchasable","13":"product-type-variable"},"acf":[],"yoast_head":"<!-- This site is optimized with the Yoast SEO plugin v27.0 - https:\/\/yoast.com\/product\/yoast-seo-wordpress\/ -->\n<title>Lumbalorthese Spinova Immo Bauerfeind - bauerfeind.com.gr<\/title>\n<meta name=\"robots\" content=\"index, follow, max-snippet:-1, max-image-preview:large, max-video-preview:-1\" \/>\n<link rel=\"canonical\" href=\"http:\/\/bauerfeind.com.gr\/de\/product\/lumbalorthese-spinova-immo-bauerfeind\/\" \/>\n<meta property=\"og:locale\" content=\"de_DE\" \/>\n<meta property=\"og:type\" content=\"article\" \/>\n<meta property=\"og:title\" content=\"Lumbalorthese Spinova Immo Bauerfeind - bauerfeind.com.gr\" \/>\n<meta property=\"og:description\" content=\"Lendenwirbelorthese Spinova Immo von Bauerfeind. Diese Orthese kann immer dann eingesetzt werden, wenn die Bewegung der Lendenwirbels\u00e4ule eingeschr\u00e4nkt werden muss oder die Lendenwirbels\u00e4ule entlastet und gest\u00fctzt werden soll. Die anatomisch geformte Kunststoffschale ist ein wichtiges Funktionselement der Spinova Immo. Sie stabilisiert die Lendenwirbels\u00e4ule und verhindert sch\u00e4dliche Bewegungen und Belastungen. Dies ist besonders nach Operationen wichtig, [&hellip;]\" \/>\n<meta property=\"og:url\" content=\"http:\/\/bauerfeind.com.gr\/de\/product\/lumbalorthese-spinova-immo-bauerfeind\/\" \/>\n<meta property=\"og:site_name\" content=\"bauerfeind.com.gr\" \/>\n<meta property=\"article:modified_time\" content=\"2025-01-23T14:52:33+00:00\" \/>\n<meta property=\"og:image\" content=\"https:\/\/bauerfeind.com.gr\/wp-content\/uploads\/2025\/01\/\u0391\u03bd\u03ce\u03bd\u03c5\u03bc\u03bf-\u03c3\u03c7\u03ad\u03b4\u03b9\u03bf-10.jpg\" \/>\n\t<meta property=\"og:image:width\" content=\"600\" \/>\n\t<meta property=\"og:image:height\" content=\"846\" \/>\n\t<meta property=\"og:image:type\" content=\"image\/jpeg\" \/>\n<meta name=\"twitter:card\" content=\"summary_large_image\" \/>\n<meta name=\"twitter:label1\" content=\"Gesch\u00e4tzte Lesezeit\" \/>\n\t<meta name=\"twitter:data1\" content=\"1\u00a0Minute\" \/>\n<script type=\"application\/ld+json\" class=\"yoast-schema-graph\">{\"@context\":\"https:\/\/schema.org\",\"@graph\":[{\"@type\":\"WebPage\",\"@id\":\"http:\/\/bauerfeind.com.gr\/de\/product\/lumbalorthese-spinova-immo-bauerfeind\/\",\"url\":\"http:\/\/bauerfeind.com.gr\/de\/product\/lumbalorthese-spinova-immo-bauerfeind\/\",\"name\":\"Lumbalorthese Spinova Immo Bauerfeind - bauerfeind.com.gr\",\"isPartOf\":{\"@id\":\"https:\/\/bauerfeind.com.gr\/de\/#website\"},\"primaryImageOfPage\":{\"@id\":\"http:\/\/bauerfeind.com.gr\/de\/product\/lumbalorthese-spinova-immo-bauerfeind\/#primaryimage\"},\"image\":{\"@id\":\"http:\/\/bauerfeind.com.gr\/de\/product\/lumbalorthese-spinova-immo-bauerfeind\/#primaryimage\"},\"thumbnailUrl\":\"http:\/\/bauerfeind.com.gr\/wp-content\/uploads\/2025\/01\/\u0391\u03bd\u03ce\u03bd\u03c5\u03bc\u03bf-\u03c3\u03c7\u03ad\u03b4\u03b9\u03bf-10.jpg\",\"datePublished\":\"2014-02-07T11:26:00+00:00\",\"dateModified\":\"2025-01-23T14:52:33+00:00\",\"breadcrumb\":{\"@id\":\"http:\/\/bauerfeind.com.gr\/de\/product\/lumbalorthese-spinova-immo-bauerfeind\/#breadcrumb\"},\"inLanguage\":\"de\",\"potentialAction\":[{\"@type\":\"ReadAction\",\"target\":[\"http:\/\/bauerfeind.com.gr\/de\/product\/lumbalorthese-spinova-immo-bauerfeind\/\"]}]},{\"@type\":\"ImageObject\",\"inLanguage\":\"de\",\"@id\":\"http:\/\/bauerfeind.com.gr\/de\/product\/lumbalorthese-spinova-immo-bauerfeind\/#primaryimage\",\"url\":\"http:\/\/bauerfeind.com.gr\/wp-content\/uploads\/2025\/01\/\u0391\u03bd\u03ce\u03bd\u03c5\u03bc\u03bf-\u03c3\u03c7\u03ad\u03b4\u03b9\u03bf-10.jpg\",\"contentUrl\":\"http:\/\/bauerfeind.com.gr\/wp-content\/uploads\/2025\/01\/\u0391\u03bd\u03ce\u03bd\u03c5\u03bc\u03bf-\u03c3\u03c7\u03ad\u03b4\u03b9\u03bf-10.jpg\",\"width\":600,\"height\":846,\"caption\":\"\u0391\u03bd\u03ce\u03bd\u03c5\u03bc\u03bf \u03c3\u03c7\u03ad\u03b4\u03b9\u03bf 10\"},{\"@type\":\"BreadcrumbList\",\"@id\":\"http:\/\/bauerfeind.com.gr\/de\/product\/lumbalorthese-spinova-immo-bauerfeind\/#breadcrumb\",\"itemListElement\":[{\"@type\":\"ListItem\",\"position\":1,\"name\":\"Startseite\",\"item\":\"https:\/\/bauerfeind.com.gr\/de\/\"},{\"@type\":\"ListItem\",\"position\":2,\"name\":\"Shop\",\"item\":\"https:\/\/bauerfeind.com.gr\/de\/shop\/\"},{\"@type\":\"ListItem\",\"position\":3,\"name\":\"Hilfsmittel &amp; Unterst\u00fctzung\",\"item\":\"http:\/\/bauerfeind.com.gr\/de\/produkt-kategorie\/hilfsmittel-unterstutzung\/\"},{\"@type\":\"ListItem\",\"position\":4,\"name\":\"Brust-, Lenden- und Brustw\u00e4chter\",\"item\":\"http:\/\/bauerfeind.com.gr\/de\/produkt-kategorie\/hilfsmittel-unterstutzung\/brust-lenden-und-brustwachter\/\"},{\"@type\":\"ListItem\",\"position\":5,\"name\":\"Lumbalorthese Spinova Immo Bauerfeind\"}]},{\"@type\":\"WebSite\",\"@id\":\"https:\/\/bauerfeind.com.gr\/de\/#website\",\"url\":\"https:\/\/bauerfeind.com.gr\/de\/\",\"name\":\"bauerfeind.com.gr\",\"description\":\"\",\"potentialAction\":[{\"@type\":\"SearchAction\",\"target\":{\"@type\":\"EntryPoint\",\"urlTemplate\":\"https:\/\/bauerfeind.com.gr\/de\/?s={search_term_string}\"},\"query-input\":{\"@type\":\"PropertyValueSpecification\",\"valueRequired\":true,\"valueName\":\"search_term_string\"}}],\"inLanguage\":\"de\"}]}<\/script>\n<!-- \/ Yoast SEO plugin. -->","yoast_head_json":{"title":"Lumbalorthese Spinova Immo Bauerfeind - bauerfeind.com.gr","robots":{"index":"index","follow":"follow","max-snippet":"max-snippet:-1","max-image-preview":"max-image-preview:large","max-video-preview":"max-video-preview:-1"},"canonical":"http:\/\/bauerfeind.com.gr\/de\/product\/lumbalorthese-spinova-immo-bauerfeind\/","og_locale":"de_DE","og_type":"article","og_title":"Lumbalorthese Spinova Immo Bauerfeind - bauerfeind.com.gr","og_description":"Lendenwirbelorthese Spinova Immo von Bauerfeind. Diese Orthese kann immer dann eingesetzt werden, wenn die Bewegung der Lendenwirbels\u00e4ule eingeschr\u00e4nkt werden muss oder die Lendenwirbels\u00e4ule entlastet und gest\u00fctzt werden soll. Die anatomisch geformte Kunststoffschale ist ein wichtiges Funktionselement der Spinova Immo. Sie stabilisiert die Lendenwirbels\u00e4ule und verhindert sch\u00e4dliche Bewegungen und Belastungen. Dies ist besonders nach Operationen wichtig, [&hellip;]","og_url":"http:\/\/bauerfeind.com.gr\/de\/product\/lumbalorthese-spinova-immo-bauerfeind\/","og_site_name":"bauerfeind.com.gr","article_modified_time":"2025-01-23T14:52:33+00:00","og_image":[{"width":600,"height":846,"url":"https:\/\/bauerfeind.com.gr\/wp-content\/uploads\/2025\/01\/\u0391\u03bd\u03ce\u03bd\u03c5\u03bc\u03bf-\u03c3\u03c7\u03ad\u03b4\u03b9\u03bf-10.jpg","type":"image\/jpeg"}],"twitter_card":"summary_large_image","twitter_misc":{"Gesch\u00e4tzte Lesezeit":"1\u00a0Minute"},"schema":{"@context":"https:\/\/schema.org","@graph":[{"@type":"WebPage","@id":"http:\/\/bauerfeind.com.gr\/de\/product\/lumbalorthese-spinova-immo-bauerfeind\/","url":"http:\/\/bauerfeind.com.gr\/de\/product\/lumbalorthese-spinova-immo-bauerfeind\/","name":"Lumbalorthese Spinova Immo Bauerfeind - bauerfeind.com.gr","isPartOf":{"@id":"https:\/\/bauerfeind.com.gr\/de\/#website"},"primaryImageOfPage":{"@id":"http:\/\/bauerfeind.com.gr\/de\/product\/lumbalorthese-spinova-immo-bauerfeind\/#primaryimage"},"image":{"@id":"http:\/\/bauerfeind.com.gr\/de\/product\/lumbalorthese-spinova-immo-bauerfeind\/#primaryimage"},"thumbnailUrl":"http:\/\/bauerfeind.com.gr\/wp-content\/uploads\/2025\/01\/\u0391\u03bd\u03ce\u03bd\u03c5\u03bc\u03bf-\u03c3\u03c7\u03ad\u03b4\u03b9\u03bf-10.jpg","datePublished":"2014-02-07T11:26:00+00:00","dateModified":"2025-01-23T14:52:33+00:00","breadcrumb":{"@id":"http:\/\/bauerfeind.com.gr\/de\/product\/lumbalorthese-spinova-immo-bauerfeind\/#breadcrumb"},"inLanguage":"de","potentialAction":[{"@type":"ReadAction","target":["http:\/\/bauerfeind.com.gr\/de\/product\/lumbalorthese-spinova-immo-bauerfeind\/"]}]},{"@type":"ImageObject","inLanguage":"de","@id":"http:\/\/bauerfeind.com.gr\/de\/product\/lumbalorthese-spinova-immo-bauerfeind\/#primaryimage","url":"http:\/\/bauerfeind.com.gr\/wp-content\/uploads\/2025\/01\/\u0391\u03bd\u03ce\u03bd\u03c5\u03bc\u03bf-\u03c3\u03c7\u03ad\u03b4\u03b9\u03bf-10.jpg","contentUrl":"http:\/\/bauerfeind.com.gr\/wp-content\/uploads\/2025\/01\/\u0391\u03bd\u03ce\u03bd\u03c5\u03bc\u03bf-\u03c3\u03c7\u03ad\u03b4\u03b9\u03bf-10.jpg","width":600,"height":846,"caption":"\u0391\u03bd\u03ce\u03bd\u03c5\u03bc\u03bf \u03c3\u03c7\u03ad\u03b4\u03b9\u03bf 10"},{"@type":"BreadcrumbList","@id":"http:\/\/bauerfeind.com.gr\/de\/product\/lumbalorthese-spinova-immo-bauerfeind\/#breadcrumb","itemListElement":[{"@type":"ListItem","position":1,"name":"Startseite","item":"https:\/\/bauerfeind.com.gr\/de\/"},{"@type":"ListItem","position":2,"name":"Shop","item":"https:\/\/bauerfeind.com.gr\/de\/shop\/"},{"@type":"ListItem","position":3,"name":"Hilfsmittel &amp; Unterst\u00fctzung","item":"http:\/\/bauerfeind.com.gr\/de\/produkt-kategorie\/hilfsmittel-unterstutzung\/"},{"@type":"ListItem","position":4,"name":"Brust-, Lenden- und Brustw\u00e4chter","item":"http:\/\/bauerfeind.com.gr\/de\/produkt-kategorie\/hilfsmittel-unterstutzung\/brust-lenden-und-brustwachter\/"},{"@type":"ListItem","position":5,"name":"Lumbalorthese Spinova Immo Bauerfeind"}]},{"@type":"WebSite","@id":"https:\/\/bauerfeind.com.gr\/de\/#website","url":"https:\/\/bauerfeind.com.gr\/de\/","name":"bauerfeind.com.gr","description":"","potentialAction":[{"@type":"SearchAction","target":{"@type":"EntryPoint","urlTemplate":"https:\/\/bauerfeind.com.gr\/de\/?s={search_term_string}"},"query-input":{"@type":"PropertyValueSpecification","valueRequired":true,"valueName":"search_term_string"}}],"inLanguage":"de"}]}},"_links":{"self":[{"href":"http:\/\/bauerfeind.com.gr\/de\/wp-json\/wp\/v2\/product\/85955","targetHints":{"allow":["GET"]}}],"collection":[{"href":"http:\/\/bauerfeind.com.gr\/de\/wp-json\/wp\/v2\/product"}],"about":[{"href":"http:\/\/bauerfeind.com.gr\/de\/wp-json\/wp\/v2\/types\/product"}],"wp:featuredmedia":[{"embeddable":true,"href":"http:\/\/bauerfeind.com.gr\/de\/wp-json\/wp\/v2\/media\/85956"}],"wp:attachment":[{"href":"http:\/\/bauerfeind.com.gr\/de\/wp-json\/wp\/v2\/media?parent=85955"}],"wp:term":[{"taxonomy":"product_brand","embeddable":true,"href":"http:\/\/bauerfeind.com.gr\/de\/wp-json\/wp\/v2\/product_brand?post=85955"},{"taxonomy":"product_cat","embeddable":true,"href":"http:\/\/bauerfeind.com.gr\/de\/wp-json\/wp\/v2\/product_cat?post=85955"},{"taxonomy":"product_tag","embeddable":true,"href":"http:\/\/bauerfeind.com.gr\/de\/wp-json\/wp\/v2\/product_tag?post=85955"}],"curies":[{"name":"wp","href":"https:\/\/api.w.org\/{rel}","templated":true}]}}